{"id":196,"date":"2026-01-14T20:55:13","date_gmt":"2026-01-14T20:55:13","guid":{"rendered":"https:\/\/annanalter.com\/?page_id=196"},"modified":"2026-02-28T09:20:41","modified_gmt":"2026-02-28T09:20:41","slug":"repertoire","status":"publish","type":"page","link":"https:\/\/annanalter.com\/en\/repertoire\/","title":{"rendered":"Repertoire"},"content":{"rendered":"\n<div class=\"wp-block-columns is-layout-flex wp-container-core-columns-is-layout-28f84493 wp-block-columns-is-layout-flex\">\n<div class=\"wp-block-column is-vertically-aligned-top is-layout-flow wp-block-column-is-layout-flow\" style=\"flex-basis:50%\">\n<h2 class=\"wp-block-heading\">Works with piano<\/h2>\n\n\n\n<p>Edison Denisov &#8211; Sonate <br>William Albright &#8211; Sonate<br>Alfred Desenclos &#8211; Pr\u00e9lude, Cadence et Finale<br>Fernande Decruck &#8211; Sonate<br>Florent Schmitt &#8211; L\u00e9gende<br>Paul Creston &#8211; Sonate<br>Paul Hindemith &#8211; Sonate f\u00fcr Viola, op. 11, Nr. 4<br>Robert Muczynski &#8211; Sonate<br>Erwin Schulhoff &#8211; Hot-Sonata<br>Darius Milhaud &#8211; Scaramouche<br>Jules Demersseman \u2013&nbsp;Fantaisie sur un th\u00e8me original<br>Pedro Iturralde \u2013&nbsp;Peque\u00f1a czarda<br><\/p>\n<\/div>\n\n\n\n<div class=\"wp-block-column is-layout-flow wp-block-column-is-layout-flow\" style=\"flex-basis:50%\">\n<h2 class=\"wp-block-heading\">Works with orchestra<\/h2>\n\n\n\n<p>Alexander Glazunov &#8211; Concerto<br>Jaques Ibert &#8211; Concertino da Camera<br>Henri Tomasi &#8211; Concerto<br>Claude Debussy &#8211; Rhapsodie<br>Florent Schmitt &#8211; Legende<br>Marcel Mihalovici &#8211; Chant Premier <br>Frank Martin &#8211; Ballade f\u00fcr Tenorsaxophon<br>Lars Erik Larsson &#8211; Konsert<\/p>\n<\/div>\n<\/div>\n\n\n\n<div class=\"wp-block-columns is-layout-flex wp-container-core-columns-is-layout-28f84493 wp-block-columns-is-layout-flex\">\n<div class=\"wp-block-column is-layout-flow wp-block-column-is-layout-flow\" style=\"flex-basis:50%\">\n<h2 class=\"wp-block-heading\">Solo pieces<\/h2>\n\n\n\n<p>Luciano Berio &#8211; Sequenza IXb<br>Giacinto Scelsi &#8211; Tre Pezzi<br>Nicolaus A. Huber &#8211; Aus Schmerz und Trauer<br>Ryo Noda &#8211; Ma\u00ef<br>Thierry&nbsp;Escaich &#8211; Lutte<br>Georg Friedrich Telemann &#8211; Fantasia Nr. 2 <br><br><br><\/p>\n<\/div>\n<\/div>\n","protected":false},"excerpt":{"rendered":"<p>Works with piano Edison Denisov &#8211; Sonate William Albright &#8211; SonateAlfred Desenclos &#8211; Pr\u00e9lude, Cadence et FinaleFernande Decruck &#8211; SonateFlorent Schmitt &#8211; L\u00e9gendePaul Creston &#8211; SonatePaul Hindemith &#8211; Sonate f\u00fcr &hellip; <\/p>\n<p class=\"link-more\"><a href=\"https:\/\/annanalter.com\/en\/repertoire\/\" class=\"more-link\">Read more<span class=\"screen-reader-text\"> &#8220;Repertoire&#8221;<\/span><\/a><\/p>\n","protected":false},"author":1,"featured_media":0,"parent":0,"menu_order":0,"comment_status":"closed","ping_status":"closed","template":"","meta":{"_EventAllDay":false,"_EventTimezone":"","_EventStartDate":"","_EventEndDate":"","_EventStartDateUTC":"","_EventEndDateUTC":"","_EventShowMap":false,"_EventShowMapLink":false,"_EventURL":"","_EventCost":"","_EventCostDescription":"","_EventCurrencySymbol":"","_EventCurrencyCode":"","_EventCurrencyPosition":"","_EventDateTimeSeparator":"","_EventTimeRangeSeparator":"","_EventOrganizerID":[],"_EventVenueID":[],"_OrganizerEmail":"","_OrganizerPhone":"","_OrganizerWebsite":"","_VenueAddress":"","_VenueCity":"","_VenueCountry":"","_VenueProvince":"","_VenueState":"","_VenueZip":"","_VenuePhone":"","_VenueURL":"","_VenueStateProvince":"","_VenueLat":"","_VenueLng":"","_VenueShowMap":false,"_VenueShowMapLink":false,"inspiro_hide_title":false,"footnotes":""},"class_list":["post-196","page","type-page","status-publish","hentry"],"_links":{"self":[{"href":"https:\/\/annanalter.com\/en\/wp-json\/wp\/v2\/pages\/196","targetHints":{"allow":["GET"]}}],"collection":[{"href":"https:\/\/annanalter.com\/en\/wp-json\/wp\/v2\/pages"}],"about":[{"href":"https:\/\/annanalter.com\/en\/wp-json\/wp\/v2\/types\/page"}],"author":[{"embeddable":true,"href":"https:\/\/annanalter.com\/en\/wp-json\/wp\/v2\/users\/1"}],"replies":[{"embeddable":true,"href":"https:\/\/annanalter.com\/en\/wp-json\/wp\/v2\/comments?post=196"}],"version-history":[{"count":8,"href":"https:\/\/annanalter.com\/en\/wp-json\/wp\/v2\/pages\/196\/revisions"}],"predecessor-version":[{"id":419,"href":"https:\/\/annanalter.com\/en\/wp-json\/wp\/v2\/pages\/196\/revisions\/419"}],"wp:attachment":[{"href":"https:\/\/annanalter.com\/en\/wp-json\/wp\/v2\/media?parent=196"}],"curies":[{"name":"wp","href":"https:\/\/api.w.org\/{rel}","templated":true}]}}